{"id":16097,"date":"2024-08-14T21:10:51","date_gmt":"2024-08-14T21:10:51","guid":{"rendered":"https:\/\/ezero.ar\/web\/?post_type=product&#038;p=16097"},"modified":"2025-12-10T14:34:28","modified_gmt":"2025-12-10T14:34:28","slug":"bicicleta-mountain-bike-2","status":"publish","type":"product","link":"https:\/\/ezero.ar\/web\/producto\/bicicleta-mountain-bike-2\/","title":{"rendered":"Bicicleta Urban Bike El\u00e9ctrica"},"content":{"rendered":"<p><span style=\"font-weight: 400;\">El modelo urbano es la combinaci\u00f3n perfecta de estilo y comodidad. Dise\u00f1ada para la vida en la ciudad, esta bicicleta el\u00e9ctrica te llevar\u00e1 a donde necesites con facilidad y elegancia. Con un dise\u00f1o moderno y funcional, es ideal para desplazamientos diarios y paseos urbanos.\u00a0<\/span><\/p>\n","protected":false},"excerpt":{"rendered":"<h3><em><strong>Descripci\u00f3n:<\/strong><\/em><\/h3>\n<ul>\n<li style=\"font-weight: 400;\" aria-level=\"1\"><span style=\"font-weight: 400;\">Bater\u00eda interna de Ion-Litio de 36V 10.4Ah<\/span><\/li>\n<li style=\"font-weight: 400;\" aria-level=\"1\"><span style=\"font-weight: 400;\">Motor de 350W. Velocidad m\u00e1x: 30 km\/h<\/span><\/li>\n<li aria-level=\"1\">Frenos hidr\u00e1ulicos con sensor<\/li>\n<li aria-level=\"1\">Display de 3\u201d<\/li>\n<li aria-level=\"1\">Con luz y bocina incorporadas<\/li>\n<li style=\"font-weight: 400;\" aria-level=\"1\"><span style=\"font-weight: 400;\">Cargador 42V 1.8A (220V)<\/span><\/li>\n<li style=\"font-weight: 400;\" aria-level=\"1\"><span style=\"font-weight: 400;\">Autonom\u00eda de 30-50 km que depende del nivel de asistencia<\/span><\/li>\n<li style=\"font-weight: 400;\" aria-level=\"1\"><span style=\"font-weight: 400;\">Peso: 26 Kg<\/span><\/li>\n<li style=\"font-weight: 400;\" aria-level=\"1\"><span style=\"font-weight: 400;\">Rodado 26<\/span><\/li>\n<li style=\"font-weight: 400;\" aria-level=\"1\"><span style=\"font-weight: 400;\">Freno a disco<\/span><\/li>\n<li style=\"font-weight: 400;\" aria-level=\"1\"><span style=\"font-weight: 400;\">Asiento con doble resorte<\/span><\/li>\n<li style=\"font-weight: 400;\" aria-level=\"1\"><span style=\"font-weight: 400;\">L\u00edquido antipinchadura<\/span><\/li>\n<li style=\"font-weight: 400;\" aria-level=\"1\"><span style=\"font-weight: 400;\">Rodamientos a rulemanes<\/span><\/li>\n<\/ul>\n<p><span style=\"font-weight: 400;\">Lleva tu bicicleta pagando con: <strong>Tarjeta Mastercard\u00a0 |\u00a0 VISA\u00a0 |\u00a0 Naranja\u00a0 |\u00a0 American Express\u00a0 |\u00a0 Mercado Pago<\/strong><\/span><\/p>\n","protected":false},"featured_media":16099,"comment_status":"open","ping_status":"closed","template":"","meta":{"_eb_attr":"","rank_math_lock_modified_date":false,"_themeisle_gutenberg_block_has_review":false,"_kad_post_transparent":"default","_kad_post_title":"","_kad_post_layout":"default","_kad_post_sidebar_id":"","_kad_post_content_style":"default","_kad_post_vertical_padding":"default","_kad_post_feature":"","_kad_post_feature_position":"","_kad_post_header":false,"_kad_post_footer":false},"product_brand":[],"product_cat":[60],"product_tag":[95],"class_list":{"0":"post-16097","1":"product","2":"type-product","3":"status-publish","4":"has-post-thumbnail","6":"product_cat-ebikes","7":"product_tag-bicicleta-urban","9":"first","10":"instock","11":"shipping-taxable","12":"purchasable","13":"product-type-simple","14":"entry","15":"content-bg","16":"loop-entry"},"_links":{"self":[{"href":"https:\/\/ezero.ar\/web\/wp-json\/wp\/v2\/product\/16097","targetHints":{"allow":["GET"]}}],"collection":[{"href":"https:\/\/ezero.ar\/web\/wp-json\/wp\/v2\/product"}],"about":[{"href":"https:\/\/ezero.ar\/web\/wp-json\/wp\/v2\/types\/product"}],"replies":[{"embeddable":true,"href":"https:\/\/ezero.ar\/web\/wp-json\/wp\/v2\/comments?post=16097"}],"wp:featuredmedia":[{"embeddable":true,"href":"https:\/\/ezero.ar\/web\/wp-json\/wp\/v2\/media\/16099"}],"wp:attachment":[{"href":"https:\/\/ezero.ar\/web\/wp-json\/wp\/v2\/media?parent=16097"}],"wp:term":[{"taxonomy":"product_brand","embeddable":true,"href":"https:\/\/ezero.ar\/web\/wp-json\/wp\/v2\/product_brand?post=16097"},{"taxonomy":"product_cat","embeddable":true,"href":"https:\/\/ezero.ar\/web\/wp-json\/wp\/v2\/product_cat?post=16097"},{"taxonomy":"product_tag","embeddable":true,"href":"https:\/\/ezero.ar\/web\/wp-json\/wp\/v2\/product_tag?post=16097"}],"curies":[{"name":"wp","href":"https:\/\/api.w.org\/{rel}","templated":true}]}}