{"id":16108,"date":"2024-08-15T02:50:50","date_gmt":"2024-08-15T02:50:50","guid":{"rendered":"https:\/\/ezero.ar\/web\/?post_type=product&#038;p=16108"},"modified":"2025-12-10T14:31:09","modified_gmt":"2025-12-10T14:31:09","slug":"mountain-bike","status":"publish","type":"product","link":"https:\/\/ezero.ar\/web\/producto\/mountain-bike\/","title":{"rendered":"Bicicleta Mountain Bike El\u00e9ctrica"},"content":{"rendered":"<p><span style=\"font-weight: 400;\"> Nuestra mountain bike el\u00e9ctrica es el modelo perfecto para aquellos que buscan una bicicleta el\u00e9ctrica m\u00e1s deportiva, preparada para todo tipo de terrenos. Con un potente motor y una s\u00f3lida estructura, esta bicicleta est\u00e1 preparada para acompa\u00f1arte en todas tus aventuras.\u00a0<\/span><\/p>\n","protected":false},"excerpt":{"rendered":"<h3><em><strong>Descripci\u00f3n:<\/strong><\/em><\/h3>\n<ul>\n<li style=\"font-weight: 400;\" aria-level=\"1\"><span style=\"font-weight: 400;\">Bater\u00eda extra\u00edble de Ion-Litio de 48V 10.4Ah<\/span><\/li>\n<li style=\"font-weight: 400;\" aria-level=\"1\"><span style=\"font-weight: 400;\">Motor de 500W. Velocidad m\u00e1x: 35 km\/h<\/span><\/li>\n<li aria-level=\"1\">Frenos hidr\u00e1ulicos con sensor<\/li>\n<li aria-level=\"1\">Display de 3\u201d<\/li>\n<li aria-level=\"1\">Con luz y bocina incorporadas<\/li>\n<li style=\"font-weight: 400;\" aria-level=\"1\"><span style=\"font-weight: 400;\">Cargador 54,6V 3.5A (220V)<\/span><\/li>\n<li style=\"font-weight: 400;\" aria-level=\"1\"><span style=\"font-weight: 400;\">Autonom\u00eda de 35-50 Km que dependen del nivel de asistencia.<\/span><\/li>\n<li style=\"font-weight: 400;\" aria-level=\"1\"><span style=\"font-weight: 400;\">Peso 21 Kg<\/span><\/li>\n<li style=\"font-weight: 400;\" aria-level=\"1\"><span style=\"font-weight: 400;\">Rodado 29<\/span><\/li>\n<li style=\"font-weight: 400;\" aria-level=\"1\"><span style=\"font-weight: 400;\">Freno a disco\u00a0<\/span><\/li>\n<li style=\"font-weight: 400;\" aria-level=\"1\"><span style=\"font-weight: 400;\">21 velocidades<\/span><\/li>\n<li style=\"font-weight: 400;\" aria-level=\"1\"><span style=\"font-weight: 400;\">Horquilla con suspensi\u00f3n<\/span><\/li>\n<li style=\"font-weight: 400;\" aria-level=\"1\"><span style=\"font-weight: 400;\">L\u00edquido antipinchadura<\/span><\/li>\n<\/ul>\n<p><span style=\"font-weight: 400;\">Lleva tu bicicleta pagando con: <strong>Tarjeta Mastercard\u00a0 |\u00a0 VISA\u00a0 |\u00a0 Naranja\u00a0 |\u00a0 American Express\u00a0 |\u00a0 Mercado Pago<\/strong><\/span><\/p>\n","protected":false},"featured_media":16109,"comment_status":"open","ping_status":"closed","template":"","meta":{"_eb_attr":"","rank_math_lock_modified_date":false,"_themeisle_gutenberg_block_has_review":false,"_kad_post_transparent":"default","_kad_post_title":"","_kad_post_layout":"default","_kad_post_sidebar_id":"","_kad_post_content_style":"default","_kad_post_vertical_padding":"default","_kad_post_feature":"","_kad_post_feature_position":"","_kad_post_header":false,"_kad_post_footer":false},"product_brand":[],"product_cat":[60],"product_tag":[],"class_list":{"0":"post-16108","1":"product","2":"type-product","3":"status-publish","4":"has-post-thumbnail","6":"product_cat-ebikes","8":"first","9":"instock","10":"shipping-taxable","11":"purchasable","12":"product-type-simple","13":"entry","14":"content-bg","15":"loop-entry"},"_links":{"self":[{"href":"https:\/\/ezero.ar\/web\/wp-json\/wp\/v2\/product\/16108","targetHints":{"allow":["GET"]}}],"collection":[{"href":"https:\/\/ezero.ar\/web\/wp-json\/wp\/v2\/product"}],"about":[{"href":"https:\/\/ezero.ar\/web\/wp-json\/wp\/v2\/types\/product"}],"replies":[{"embeddable":true,"href":"https:\/\/ezero.ar\/web\/wp-json\/wp\/v2\/comments?post=16108"}],"wp:featuredmedia":[{"embeddable":true,"href":"https:\/\/ezero.ar\/web\/wp-json\/wp\/v2\/media\/16109"}],"wp:attachment":[{"href":"https:\/\/ezero.ar\/web\/wp-json\/wp\/v2\/media?parent=16108"}],"wp:term":[{"taxonomy":"product_brand","embeddable":true,"href":"https:\/\/ezero.ar\/web\/wp-json\/wp\/v2\/product_brand?post=16108"},{"taxonomy":"product_cat","embeddable":true,"href":"https:\/\/ezero.ar\/web\/wp-json\/wp\/v2\/product_cat?post=16108"},{"taxonomy":"product_tag","embeddable":true,"href":"https:\/\/ezero.ar\/web\/wp-json\/wp\/v2\/product_tag?post=16108"}],"curies":[{"name":"wp","href":"https:\/\/api.w.org\/{rel}","templated":true}]}}