{"id":16116,"date":"2024-08-15T03:32:06","date_gmt":"2024-08-15T03:32:06","guid":{"rendered":"https:\/\/ezero.ar\/web\/?post_type=product&#038;p=16116"},"modified":"2025-12-10T14:39:03","modified_gmt":"2025-12-10T14:39:03","slug":"carga-bike","status":"publish","type":"product","link":"https:\/\/ezero.ar\/web\/producto\/carga-bike\/","title":{"rendered":"Bicicleta Carga El\u00e9ctrica"},"content":{"rendered":"<p><span style=\"font-weight: 400;\">El triciclo de carga \u00abCargo\u00bb es la soluci\u00f3n perfecta para transportar mercanc\u00edas de forma eficiente y sostenible. Con una amplia capacidad de carga y un dise\u00f1o robusto, este triciclo es ideal para empresas de reparto, mensajer\u00eda o simplemente para transportar objetos voluminosos en la ciudad. Olv\u00eddate del tr\u00e1fico y los problemas de estacionamiento con nuestro triciclo de carga el\u00e9ctrica.<\/span><\/p>\n<p>&nbsp;<\/p>\n","protected":false},"excerpt":{"rendered":"<h3><em><strong>Descripci\u00f3n de nuestra bicicleta de carga:<\/strong><\/em><\/h3>\n<ul>\n<li style=\"font-weight: 400;\" aria-level=\"1\"><span style=\"font-weight: 400;\">Bater\u00eda extra\u00edble de Ion-Litio de 48V 10.4Ah<\/span><\/li>\n<li aria-level=\"1\">Frenos hidr\u00e1ulicos con sensor<\/li>\n<li aria-level=\"1\">Display de 3\u201d<\/li>\n<li aria-level=\"1\">Con luz y bocina incorporadas<\/li>\n<li style=\"font-weight: 400;\" aria-level=\"1\"><span style=\"font-weight: 400;\">Motor de 500W. Velocidad m\u00e1x: 35 km\/h<\/span><\/li>\n<li style=\"font-weight: 400;\" aria-level=\"1\"><span style=\"font-weight: 400;\">Cargador 54,6V 3.5A (220V)<\/span><\/li>\n<li style=\"font-weight: 400;\" aria-level=\"1\"><span style=\"font-weight: 400;\">Autonom\u00eda de 25-45 Km que dependen del nivel de asistencia y el peso de la carga.<\/span><\/li>\n<li style=\"font-weight: 400;\" aria-level=\"1\"><span style=\"font-weight: 400;\">Peso 53 Kg<\/span><\/li>\n<li style=\"font-weight: 400;\" aria-level=\"1\"><span style=\"font-weight: 400;\">Rodado 26<\/span><\/li>\n<li style=\"font-weight: 400;\" aria-level=\"1\"><span style=\"font-weight: 400;\">Doble freno a disco\u00a0<\/span><\/li>\n<li style=\"font-weight: 400;\" aria-level=\"1\"><span style=\"font-weight: 400;\">L\u00edquido antipinchadura<\/span><\/li>\n<li style=\"font-weight: 400;\" aria-level=\"1\"><span style=\"font-weight: 400;\">Capacidad de carga de 130 Kg<\/span><\/li>\n<li style=\"font-weight: 400;\" aria-level=\"1\"><span style=\"font-weight: 400;\">Tama\u00f1o de caja: 90*60*30 cm.\u00a0<\/span><\/li>\n<li style=\"font-weight: 400;\" aria-level=\"1\"><span style=\"font-weight: 400;\">Volumen de caja: 162 litros internos<\/span><\/li>\n<\/ul>\n<p><span style=\"font-weight: 400;\">Lleva tu bicicleta pagando con: <strong>Tarjeta Mastercard\u00a0 |\u00a0 VISA\u00a0 |\u00a0 Naranja\u00a0 |\u00a0 American Express\u00a0 |\u00a0 Mercado Pago<\/strong><\/span><\/p>\n","protected":false},"featured_media":16117,"comment_status":"open","ping_status":"closed","template":"","meta":{"_eb_attr":"","rank_math_lock_modified_date":false,"_themeisle_gutenberg_block_has_review":false,"_kad_post_transparent":"default","_kad_post_title":"","_kad_post_layout":"default","_kad_post_sidebar_id":"","_kad_post_content_style":"default","_kad_post_vertical_padding":"default","_kad_post_feature":"","_kad_post_feature_position":"","_kad_post_header":false,"_kad_post_footer":false},"product_brand":[],"product_cat":[60],"product_tag":[],"class_list":{"0":"post-16116","1":"product","2":"type-product","3":"status-publish","4":"has-post-thumbnail","6":"product_cat-ebikes","8":"first","9":"instock","10":"shipping-taxable","11":"purchasable","12":"product-type-simple","13":"entry","14":"content-bg","15":"loop-entry"},"_links":{"self":[{"href":"https:\/\/ezero.ar\/web\/wp-json\/wp\/v2\/product\/16116","targetHints":{"allow":["GET"]}}],"collection":[{"href":"https:\/\/ezero.ar\/web\/wp-json\/wp\/v2\/product"}],"about":[{"href":"https:\/\/ezero.ar\/web\/wp-json\/wp\/v2\/types\/product"}],"replies":[{"embeddable":true,"href":"https:\/\/ezero.ar\/web\/wp-json\/wp\/v2\/comments?post=16116"}],"wp:featuredmedia":[{"embeddable":true,"href":"https:\/\/ezero.ar\/web\/wp-json\/wp\/v2\/media\/16117"}],"wp:attachment":[{"href":"https:\/\/ezero.ar\/web\/wp-json\/wp\/v2\/media?parent=16116"}],"wp:term":[{"taxonomy":"product_brand","embeddable":true,"href":"https:\/\/ezero.ar\/web\/wp-json\/wp\/v2\/product_brand?post=16116"},{"taxonomy":"product_cat","embeddable":true,"href":"https:\/\/ezero.ar\/web\/wp-json\/wp\/v2\/product_cat?post=16116"},{"taxonomy":"product_tag","embeddable":true,"href":"https:\/\/ezero.ar\/web\/wp-json\/wp\/v2\/product_tag?post=16116"}],"curies":[{"name":"wp","href":"https:\/\/api.w.org\/{rel}","templated":true}]}}