{"id":16931,"date":"2025-05-07T21:09:57","date_gmt":"2025-05-07T21:09:57","guid":{"rendered":"https:\/\/ezero.ar\/web\/?post_type=product&#038;p=16931"},"modified":"2025-05-12T19:19:50","modified_gmt":"2025-05-12T19:19:50","slug":"kits-solares","status":"publish","type":"product","link":"https:\/\/ezero.ar\/web\/producto\/kits-solares\/","title":{"rendered":"Kits solares"},"content":{"rendered":"<p>&nbsp;<\/p>\n<p>&nbsp;<\/p>\n<p>&nbsp;<\/p>\n","protected":false},"excerpt":{"rendered":"<p>Jinko Solar, desde su fundaci\u00f3n en 2006, ha liderado la industria solar global con un compromiso inquebrantable con la innovaci\u00f3n y la calidad. Con su estado de tier-1 y cotizaci\u00f3n en la Bolsa de Nueva York, la marca ha demostrado su liderazgo en el \u00e1mbito de las energ\u00edas renovables. Los paneles solares de Jinko Solar, conocidos por su excepcional rendimiento y durabilidad, utilizan tecnolog\u00eda de punta en c\u00e9lulas monocristalinas y policristalinas. Adem\u00e1s, su enfoque ecol\u00f3gico y el cumplimiento con certificaciones internacionales destacan su contribuci\u00f3n a la sostenibilidad y los esfuerzos por minimizar el impacto ambiental. Jinko Solar se establece como la marca de confianza para proyectos solares en busca de eficiencia y responsabilidad ambiental.<\/p>\n","protected":false},"featured_media":16948,"comment_status":"open","ping_status":"closed","template":"","meta":{"_eb_attr":"","rank_math_lock_modified_date":false,"_themeisle_gutenberg_block_has_review":false,"_kad_post_transparent":"default","_kad_post_title":"","_kad_post_layout":"default","_kad_post_sidebar_id":"","_kad_post_content_style":"default","_kad_post_vertical_padding":"default","_kad_post_feature":"","_kad_post_feature_position":"","_kad_post_header":false,"_kad_post_footer":false},"product_brand":[],"product_cat":[99],"product_tag":[],"class_list":{"0":"post-16931","1":"product","2":"type-product","3":"status-publish","4":"has-post-thumbnail","6":"product_cat-kit-solares","8":"first","9":"instock","10":"shipping-taxable","11":"product-type-simple","12":"entry","13":"content-bg","14":"loop-entry"},"_links":{"self":[{"href":"https:\/\/ezero.ar\/web\/wp-json\/wp\/v2\/product\/16931","targetHints":{"allow":["GET"]}}],"collection":[{"href":"https:\/\/ezero.ar\/web\/wp-json\/wp\/v2\/product"}],"about":[{"href":"https:\/\/ezero.ar\/web\/wp-json\/wp\/v2\/types\/product"}],"replies":[{"embeddable":true,"href":"https:\/\/ezero.ar\/web\/wp-json\/wp\/v2\/comments?post=16931"}],"wp:featuredmedia":[{"embeddable":true,"href":"https:\/\/ezero.ar\/web\/wp-json\/wp\/v2\/media\/16948"}],"wp:attachment":[{"href":"https:\/\/ezero.ar\/web\/wp-json\/wp\/v2\/media?parent=16931"}],"wp:term":[{"taxonomy":"product_brand","embeddable":true,"href":"https:\/\/ezero.ar\/web\/wp-json\/wp\/v2\/product_brand?post=16931"},{"taxonomy":"product_cat","embeddable":true,"href":"https:\/\/ezero.ar\/web\/wp-json\/wp\/v2\/product_cat?post=16931"},{"taxonomy":"product_tag","embeddable":true,"href":"https:\/\/ezero.ar\/web\/wp-json\/wp\/v2\/product_tag?post=16931"}],"curies":[{"name":"wp","href":"https:\/\/api.w.org\/{rel}","templated":true}]}}